{"id":54,"date":"2023-01-11T10:25:53","date_gmt":"2023-01-11T10:25:53","guid":{"rendered":"https:\/\/christina.visionauten.com\/?page_id=54"},"modified":"2023-01-11T10:25:53","modified_gmt":"2023-01-11T10:25:53","slug":"imprint","status":"publish","type":"page","link":"https:\/\/christina.visionauten.com\/?page_id=54","title":{"rendered":"Imprint"},"content":{"rendered":"\n<p>Verantwortlich f\u00fcr den Inhalt der Seite:<br \/><br \/>Markus Ohm<br \/>K\u00e4the-Kollwitz-Stra\u00dfe 60<br \/>04109 Leipzig<br \/>mohm (at) visionauten (dot) com<\/p>\n","protected":false},"excerpt":{"rendered":"<p>Verantwortlich f\u00fcr den Inhalt der Seite: Markus OhmK\u00e4the-Kollwitz-Stra\u00dfe 6004109 Leipzigmohm (at) visionauten (dot) com<\/p>\n","protected":false},"author":1,"featured_media":0,"parent":0,"menu_order":0,"comment_status":"closed","ping_status":"closed","template":"","meta":{"footnotes":""},"class_list":["post-54","page","type-page","status-publish","hentry"],"_links":{"self":[{"href":"https:\/\/christina.visionauten.com\/index.php?rest_route=\/wp\/v2\/pages\/54","targetHints":{"allow":["GET"]}}],"collection":[{"href":"https:\/\/christina.visionauten.com\/index.php?rest_route=\/wp\/v2\/pages"}],"about":[{"href":"https:\/\/christina.visionauten.com\/index.php?rest_route=\/wp\/v2\/types\/page"}],"author":[{"embeddable":true,"href":"https:\/\/christina.visionauten.com\/index.php?rest_route=\/wp\/v2\/users\/1"}],"replies":[{"embeddable":true,"href":"https:\/\/christina.visionauten.com\/index.php?rest_route=%2Fwp%2Fv2%2Fcomments&post=54"}],"version-history":[{"count":0,"href":"https:\/\/christina.visionauten.com\/index.php?rest_route=\/wp\/v2\/pages\/54\/revisions"}],"wp:attachment":[{"href":"https:\/\/christina.visionauten.com\/index.php?rest_route=%2Fwp%2Fv2%2Fmedia&parent=54"}],"curies":[{"name":"wp","href":"https:\/\/api.w.org\/{rel}","templated":true}]}}